{"id":1299,"date":"2022-12-29T09:17:36","date_gmt":"2022-12-29T08:17:36","guid":{"rendered":"https:\/\/mandoline2023.de\/?page_id=1299"},"modified":"2024-03-17T10:07:37","modified_gmt":"2024-03-17T09:07:37","slug":"magazin","status":"publish","type":"page","link":"https:\/\/mandoline2023.de\/?page_id=1299","title":{"rendered":"Magazin"},"content":{"rendered":"\t\t<div data-elementor-type=\"wp-page\" data-elementor-id=\"1299\" class=\"elementor elementor-1299\">\n\t\t\t\t\t\t<section class=\"elementor-section elementor-top-section elementor-element elementor-element-c447f4c elementor-section-boxed elementor-section-height-default elementor-section-height-default\" data-id=\"c447f4c\" data-element_type=\"section\" data-e-type=\"section\">\n\t\t\t\t\t\t<div class=\"elementor-container elementor-column-gap-default\">\n\t\t\t\t\t<div class=\"elementor-column elementor-col-100 elementor-top-column elementor-element elementor-element-4cafdaec\" data-id=\"4cafdaec\" data-element_type=\"column\" data-e-type=\"column\">\n\t\t\t<div class=\"elementor-widget-wrap\">\n\t\t\t\t\t\t\t<\/div>\n\t\t<\/div>\n\t\t\t\t\t<\/div>\n\t\t<\/section>\n\t\t\t\t<section class=\"elementor-section elementor-top-section elementor-element elementor-element-60bdbcf0 elementor-section-boxed elementor-section-height-default elementor-section-height-default\" data-id=\"60bdbcf0\" data-element_type=\"section\" data-e-type=\"section\" data-settings=\"{&quot;background_background&quot;:&quot;classic&quot;}\">\n\t\t\t\t\t\t<div class=\"elementor-container elementor-column-gap-default\">\n\t\t\t\t\t<div class=\"elementor-column elementor-col-100 elementor-top-column elementor-element elementor-element-29653869\" data-id=\"29653869\" data-element_type=\"column\" data-e-type=\"column\">\n\t\t\t<div class=\"elementor-widget-wrap elementor-element-populated\">\n\t\t\t\t\t\t<div class=\"elementor-element elementor-element-a67fea9 elementor-widget elementor-widget-image\" data-id=\"a67fea9\" data-element_type=\"widget\" data-e-type=\"widget\" data-widget_type=\"image.default\">\n\t\t\t\t<div class=\"elementor-widget-container\">\n\t\t\t\t\t\t\t\t\t\t\t\t\t\t\t<img fetchpriority=\"high\" decoding=\"async\" width=\"1024\" height=\"576\" src=\"https:\/\/mandoline2023.de\/wp-content\/uploads\/2022\/12\/a05-junge-frau-mandoline-montelimar-adj1-ausschnitt1-1024x576.jpg\" class=\"attachment-large size-large wp-image-1301\" alt=\"\" srcset=\"https:\/\/mandoline2023.de\/wp-content\/uploads\/2022\/12\/a05-junge-frau-mandoline-montelimar-adj1-ausschnitt1-1024x576.jpg 1024w, https:\/\/mandoline2023.de\/wp-content\/uploads\/2022\/12\/a05-junge-frau-mandoline-montelimar-adj1-ausschnitt1-300x169.jpg 300w, https:\/\/mandoline2023.de\/wp-content\/uploads\/2022\/12\/a05-junge-frau-mandoline-montelimar-adj1-ausschnitt1-768x432.jpg 768w, https:\/\/mandoline2023.de\/wp-content\/uploads\/2022\/12\/a05-junge-frau-mandoline-montelimar-adj1-ausschnitt1-1536x864.jpg 1536w, https:\/\/mandoline2023.de\/wp-content\/uploads\/2022\/12\/a05-junge-frau-mandoline-montelimar-adj1-ausschnitt1.jpg 1552w\" sizes=\"(max-width: 1024px) 100vw, 1024px\" \/>\t\t\t\t\t\t\t\t\t\t\t\t\t\t\t<\/div>\n\t\t\t\t<\/div>\n\t\t\t\t\t<\/div>\n\t\t<\/div>\n\t\t\t\t\t<\/div>\n\t\t<\/section>\n\t\t\t\t<section class=\"elementor-section elementor-top-section elementor-element elementor-element-3029409a elementor-section-boxed elementor-section-height-default elementor-section-height-default\" data-id=\"3029409a\" data-element_type=\"section\" data-e-type=\"section\" data-settings=\"{&quot;background_background&quot;:&quot;classic&quot;}\">\n\t\t\t\t\t\t<div class=\"elementor-container elementor-column-gap-default\">\n\t\t\t\t\t<div class=\"elementor-column elementor-col-100 elementor-top-column elementor-element elementor-element-9658491\" data-id=\"9658491\" data-element_type=\"column\" data-e-type=\"column\">\n\t\t\t<div class=\"elementor-widget-wrap elementor-element-populated\">\n\t\t\t\t\t\t<div class=\"elementor-element elementor-element-eb342ff elementor-widget elementor-widget-text-editor\" data-id=\"eb342ff\" data-element_type=\"widget\" data-e-type=\"widget\" data-widget_type=\"text-editor.default\">\n\t\t\t\t<div class=\"elementor-widget-container\">\n\t\t\t\t\t\t\t\t\t<p>Im Bereich &#8222;Magazin&#8220; gibt es verschiedene Beitr\u00e4ge zum Thema &#8222;Mandoline&#8220;.<\/p><p>Hier gibt es Reportagen und Interviews von Thilo Fitzner, Beitr\u00e4ge zur &#8222;Geschichte der Mandoline&#8220;, es werden alte Postkarten oder alte Kataloge gezeigt.<\/p><p>Sp\u00e4ter werden vielleicht noch andere Themenkreise dazukommen.<\/p>\t\t\t\t\t\t\t\t<\/div>\n\t\t\t\t<\/div>\n\t\t\t\t<div class=\"elementor-element elementor-element-461fcf5 elementor-widget elementor-widget-button\" data-id=\"461fcf5\" data-element_type=\"widget\" data-e-type=\"widget\" data-widget_type=\"button.default\">\n\t\t\t\t<div class=\"elementor-widget-container\">\n\t\t\t\t\t\t\t\t\t<div class=\"elementor-button-wrapper\">\n\t\t\t\t\t<a class=\"elementor-button elementor-button-link elementor-size-sm\" href=\"https:\/\/mandoline2023.de\/?cat=21\">\n\t\t\t\t\t\t<span class=\"elementor-button-content-wrapper\">\n\t\t\t\t\t\t\t\t\t<span class=\"elementor-button-text\">Magazin-Beitr\u00e4ge<\/span>\n\t\t\t\t\t<\/span>\n\t\t\t\t\t<\/a>\n\t\t\t\t<\/div>\n\t\t\t\t\t\t\t\t<\/div>\n\t\t\t\t<\/div>\n\t\t\t\t<div class=\"elementor-element elementor-element-ab57a26 elementor-widget elementor-widget-button\" data-id=\"ab57a26\" data-element_type=\"widget\" data-e-type=\"widget\" data-widget_type=\"button.default\">\n\t\t\t\t<div class=\"elementor-widget-container\">\n\t\t\t\t\t\t\t\t\t<div class=\"elementor-button-wrapper\">\n\t\t\t\t\t<a class=\"elementor-button elementor-button-link elementor-size-sm\" href=\"https:\/\/mandoline2023.de\/?cat=23\">\n\t\t\t\t\t\t<span class=\"elementor-button-content-wrapper\">\n\t\t\t\t\t\t\t\t\t<span class=\"elementor-button-text\">Beitr\u00e4ge zur Geschichte der Mandoline<\/span>\n\t\t\t\t\t<\/span>\n\t\t\t\t\t<\/a>\n\t\t\t\t<\/div>\n\t\t\t\t\t\t\t\t<\/div>\n\t\t\t\t<\/div>\n\t\t\t\t\t<\/div>\n\t\t<\/div>\n\t\t\t\t\t<\/div>\n\t\t<\/section>\n\t\t\t\t<section class=\"elementor-section elementor-top-section elementor-element elementor-element-5b9078b elementor-section-boxed elementor-section-height-default elementor-section-height-default\" data-id=\"5b9078b\" data-element_type=\"section\" data-e-type=\"section\" data-settings=\"{&quot;background_background&quot;:&quot;classic&quot;}\">\n\t\t\t\t\t\t<div class=\"elementor-container elementor-column-gap-default\">\n\t\t\t\t\t<div class=\"elementor-column elementor-col-100 elementor-top-column elementor-element elementor-element-490b279\" data-id=\"490b279\" data-element_type=\"column\" data-e-type=\"column\">\n\t\t\t<div class=\"elementor-widget-wrap elementor-element-populated\">\n\t\t\t\t\t\t<div class=\"elementor-element elementor-element-af60717 elementor-widget elementor-widget-heading\" data-id=\"af60717\" data-element_type=\"widget\" data-e-type=\"widget\" data-widget_type=\"heading.default\">\n\t\t\t\t<div class=\"elementor-widget-container\">\n\t\t\t\t\t<h2 class=\"elementor-heading-title elementor-size-default\">Alte Postkarten<\/h2>\t\t\t\t<\/div>\n\t\t\t\t<\/div>\n\t\t\t\t\t<\/div>\n\t\t<\/div>\n\t\t\t\t\t<\/div>\n\t\t<\/section>\n\t\t\t\t<section class=\"elementor-section elementor-top-section elementor-element elementor-element-5864b16e elementor-section-boxed elementor-section-height-default elementor-section-height-default\" data-id=\"5864b16e\" data-element_type=\"section\" data-e-type=\"section\" data-settings=\"{&quot;background_background&quot;:&quot;classic&quot;}\">\n\t\t\t\t\t\t<div class=\"elementor-container elementor-column-gap-default\">\n\t\t\t\t\t<div class=\"elementor-column elementor-col-50 elementor-top-column elementor-element elementor-element-39b992d0\" data-id=\"39b992d0\" data-element_type=\"column\" data-e-type=\"column\">\n\t\t\t<div class=\"elementor-widget-wrap elementor-element-populated\">\n\t\t\t\t\t\t<div class=\"elementor-element elementor-element-da824d7 elementor-widget elementor-widget-image\" data-id=\"da824d7\" data-element_type=\"widget\" data-e-type=\"widget\" data-widget_type=\"image.default\">\n\t\t\t\t<div class=\"elementor-widget-container\">\n\t\t\t\t\t\t\t\t\t\t\t\t\t\t\t<img decoding=\"async\" width=\"1024\" height=\"670\" src=\"https:\/\/mandoline2023.de\/wp-content\/uploads\/2022\/12\/d04-ensemble-1024x670.jpg\" class=\"attachment-large size-large wp-image-1302\" alt=\"\" srcset=\"https:\/\/mandoline2023.de\/wp-content\/uploads\/2022\/12\/d04-ensemble-1024x670.jpg 1024w, https:\/\/mandoline2023.de\/wp-content\/uploads\/2022\/12\/d04-ensemble-300x196.jpg 300w, https:\/\/mandoline2023.de\/wp-content\/uploads\/2022\/12\/d04-ensemble-768x503.jpg 768w, https:\/\/mandoline2023.de\/wp-content\/uploads\/2022\/12\/d04-ensemble-1536x1005.jpg 1536w, https:\/\/mandoline2023.de\/wp-content\/uploads\/2022\/12\/d04-ensemble.jpg 1649w\" sizes=\"(max-width: 1024px) 100vw, 1024px\" \/>\t\t\t\t\t\t\t\t\t\t\t\t\t\t\t<\/div>\n\t\t\t\t<\/div>\n\t\t\t\t<div class=\"elementor-element elementor-element-a3bef99 elementor-widget elementor-widget-button\" data-id=\"a3bef99\" data-element_type=\"widget\" data-e-type=\"widget\" data-widget_type=\"button.default\">\n\t\t\t\t<div class=\"elementor-widget-container\">\n\t\t\t\t\t\t\t\t\t<div class=\"elementor-button-wrapper\">\n\t\t\t\t\t<a class=\"elementor-button elementor-button-link elementor-size-sm\" href=\"https:\/\/mandoline2023.de\/?cat=125\">\n\t\t\t\t\t\t<span class=\"elementor-button-content-wrapper\">\n\t\t\t\t\t\t\t\t\t<span class=\"elementor-button-text\">Weitere Beitr\u00e4ge mit Alten Postkarten<\/span>\n\t\t\t\t\t<\/span>\n\t\t\t\t\t<\/a>\n\t\t\t\t<\/div>\n\t\t\t\t\t\t\t\t<\/div>\n\t\t\t\t<\/div>\n\t\t\t\t\t<\/div>\n\t\t<\/div>\n\t\t\t\t<div class=\"elementor-column elementor-col-50 elementor-top-column elementor-element elementor-element-4635915\" data-id=\"4635915\" data-element_type=\"column\" data-e-type=\"column\">\n\t\t\t<div class=\"elementor-widget-wrap elementor-element-populated\">\n\t\t\t\t\t\t<div class=\"elementor-element elementor-element-59e5d56 elementor-widget elementor-widget-image\" data-id=\"59e5d56\" data-element_type=\"widget\" data-e-type=\"widget\" data-widget_type=\"image.default\">\n\t\t\t\t<div class=\"elementor-widget-container\">\n\t\t\t\t\t\t\t\t\t\t\t\t\t\t\t<img decoding=\"async\" width=\"1024\" height=\"644\" src=\"https:\/\/mandoline2023.de\/wp-content\/uploads\/2022\/12\/e01-orchester-1930-1024x644.jpg\" class=\"attachment-large size-large wp-image-1303\" alt=\"\" srcset=\"https:\/\/mandoline2023.de\/wp-content\/uploads\/2022\/12\/e01-orchester-1930-1024x644.jpg 1024w, https:\/\/mandoline2023.de\/wp-content\/uploads\/2022\/12\/e01-orchester-1930-300x189.jpg 300w, https:\/\/mandoline2023.de\/wp-content\/uploads\/2022\/12\/e01-orchester-1930-768x483.jpg 768w, https:\/\/mandoline2023.de\/wp-content\/uploads\/2022\/12\/e01-orchester-1930-1536x966.jpg 1536w, https:\/\/mandoline2023.de\/wp-content\/uploads\/2022\/12\/e01-orchester-1930.jpg 1661w\" sizes=\"(max-width: 1024px) 100vw, 1024px\" \/>\t\t\t\t\t\t\t\t\t\t\t\t\t\t\t<\/div>\n\t\t\t\t<\/div>\n\t\t\t\t\t<\/div>\n\t\t<\/div>\n\t\t\t\t\t<\/div>\n\t\t<\/section>\n\t\t\t\t<section class=\"elementor-section elementor-top-section elementor-element elementor-element-87a8fb4 elementor-section-boxed elementor-section-height-default elementor-section-height-default\" data-id=\"87a8fb4\" data-element_type=\"section\" data-e-type=\"section\" data-settings=\"{&quot;background_background&quot;:&quot;classic&quot;}\">\n\t\t\t\t\t\t<div class=\"elementor-container elementor-column-gap-default\">\n\t\t\t\t\t<div class=\"elementor-column elementor-col-100 elementor-top-column elementor-element elementor-element-4149fbf\" data-id=\"4149fbf\" data-element_type=\"column\" data-e-type=\"column\">\n\t\t\t<div class=\"elementor-widget-wrap elementor-element-populated\">\n\t\t\t\t\t\t<div class=\"elementor-element elementor-element-3c5d852 elementor-widget elementor-widget-heading\" data-id=\"3c5d852\" data-element_type=\"widget\" data-e-type=\"widget\" data-widget_type=\"heading.default\">\n\t\t\t\t<div class=\"elementor-widget-container\">\n\t\t\t\t\t<h2 class=\"elementor-heading-title elementor-size-default\">Aus alten Prospekten und Katalogen<\/h2>\t\t\t\t<\/div>\n\t\t\t\t<\/div>\n\t\t\t\t\t<\/div>\n\t\t<\/div>\n\t\t\t\t\t<\/div>\n\t\t<\/section>\n\t\t\t\t<section class=\"elementor-section elementor-top-section elementor-element elementor-element-184abad9 elementor-section-boxed elementor-section-height-default elementor-section-height-default\" data-id=\"184abad9\" data-element_type=\"section\" data-e-type=\"section\" data-settings=\"{&quot;background_background&quot;:&quot;classic&quot;}\">\n\t\t\t\t\t\t<div class=\"elementor-container elementor-column-gap-default\">\n\t\t\t\t\t<div class=\"elementor-column elementor-col-33 elementor-top-column elementor-element elementor-element-26397d65\" data-id=\"26397d65\" data-element_type=\"column\" data-e-type=\"column\">\n\t\t\t<div class=\"elementor-widget-wrap elementor-element-populated\">\n\t\t\t\t\t\t<div class=\"elementor-element elementor-element-a8c0869 elementor-widget elementor-widget-image\" data-id=\"a8c0869\" data-element_type=\"widget\" data-e-type=\"widget\" data-widget_type=\"image.default\">\n\t\t\t\t<div class=\"elementor-widget-container\">\n\t\t\t\t\t\t\t\t\t\t\t\t\t\t\t<img loading=\"lazy\" decoding=\"async\" width=\"697\" height=\"1000\" src=\"https:\/\/mandoline2023.de\/wp-content\/uploads\/2022\/12\/IMG_0120.jpg\" class=\"attachment-large size-large wp-image-1315\" alt=\"mandoline instrument des jahres 2023 Albert und M\u00fcller\" srcset=\"https:\/\/mandoline2023.de\/wp-content\/uploads\/2022\/12\/IMG_0120.jpg 697w, https:\/\/mandoline2023.de\/wp-content\/uploads\/2022\/12\/IMG_0120-209x300.jpg 209w\" sizes=\"(max-width: 697px) 100vw, 697px\" \/>\t\t\t\t\t\t\t\t\t\t\t\t\t\t\t<\/div>\n\t\t\t\t<\/div>\n\t\t\t\t\t<\/div>\n\t\t<\/div>\n\t\t\t\t<div class=\"elementor-column elementor-col-33 elementor-top-column elementor-element elementor-element-e9058f1\" data-id=\"e9058f1\" data-element_type=\"column\" data-e-type=\"column\">\n\t\t\t<div class=\"elementor-widget-wrap elementor-element-populated\">\n\t\t\t\t\t\t<div class=\"elementor-element elementor-element-f07667b elementor-widget elementor-widget-image\" data-id=\"f07667b\" data-element_type=\"widget\" data-e-type=\"widget\" data-widget_type=\"image.default\">\n\t\t\t\t<div class=\"elementor-widget-container\">\n\t\t\t\t\t\t\t\t\t\t\t\t\t\t\t<img loading=\"lazy\" decoding=\"async\" width=\"1000\" height=\"993\" src=\"https:\/\/mandoline2023.de\/wp-content\/uploads\/2022\/12\/IMG_0060.jpg\" class=\"attachment-large size-large wp-image-1314\" alt=\"mandoline instrument des jahres 2023 Gabriele Pandidni\" srcset=\"https:\/\/mandoline2023.de\/wp-content\/uploads\/2022\/12\/IMG_0060.jpg 1000w, https:\/\/mandoline2023.de\/wp-content\/uploads\/2022\/12\/IMG_0060-300x298.jpg 300w, https:\/\/mandoline2023.de\/wp-content\/uploads\/2022\/12\/IMG_0060-150x150.jpg 150w, https:\/\/mandoline2023.de\/wp-content\/uploads\/2022\/12\/IMG_0060-768x763.jpg 768w\" sizes=\"(max-width: 1000px) 100vw, 1000px\" \/>\t\t\t\t\t\t\t\t\t\t\t\t\t\t\t<\/div>\n\t\t\t\t<\/div>\n\t\t\t\t<div class=\"elementor-element elementor-element-7da8cb8 elementor-widget elementor-widget-text-editor\" data-id=\"7da8cb8\" data-element_type=\"widget\" data-e-type=\"widget\" data-widget_type=\"text-editor.default\">\n\t\t\t\t<div class=\"elementor-widget-container\">\n\t\t\t\t\t\t\t\t\t<p>Ein paar Beispiele aus altenKatalogen mit Zupfinstrumenten.<\/p>\t\t\t\t\t\t\t\t<\/div>\n\t\t\t\t<\/div>\n\t\t\t\t\t<\/div>\n\t\t<\/div>\n\t\t\t\t<div class=\"elementor-column elementor-col-33 elementor-top-column elementor-element elementor-element-6dd5495\" data-id=\"6dd5495\" data-element_type=\"column\" data-e-type=\"column\">\n\t\t\t<div class=\"elementor-widget-wrap elementor-element-populated\">\n\t\t\t\t\t\t<div class=\"elementor-element elementor-element-227d58f elementor-widget elementor-widget-image\" data-id=\"227d58f\" data-element_type=\"widget\" data-e-type=\"widget\" data-widget_type=\"image.default\">\n\t\t\t\t<div class=\"elementor-widget-container\">\n\t\t\t\t\t\t\t\t\t\t\t\t\t\t\t<img loading=\"lazy\" decoding=\"async\" width=\"677\" height=\"1000\" src=\"https:\/\/mandoline2023.de\/wp-content\/uploads\/2022\/12\/IMG_0038.jpg\" class=\"attachment-large size-large wp-image-1313\" alt=\"mandoline instrument des jahres 2023 Matsikas Griechenland\" srcset=\"https:\/\/mandoline2023.de\/wp-content\/uploads\/2022\/12\/IMG_0038.jpg 677w, https:\/\/mandoline2023.de\/wp-content\/uploads\/2022\/12\/IMG_0038-203x300.jpg 203w\" sizes=\"(max-width: 677px) 100vw, 677px\" \/>\t\t\t\t\t\t\t\t\t\t\t\t\t\t\t<\/div>\n\t\t\t\t<\/div>\n\t\t\t\t\t<\/div>\n\t\t<\/div>\n\t\t\t\t\t<\/div>\n\t\t<\/section>\n\t\t<div class=\"elementor-element elementor-element-f798e53 e-flex e-con-boxed e-con e-parent\" data-id=\"f798e53\" data-element_type=\"container\" data-e-type=\"container\" data-settings=\"{&quot;background_background&quot;:&quot;classic&quot;}\">\n\t\t\t\t\t<div class=\"e-con-inner\">\n\t\t\t\t<div class=\"elementor-element elementor-element-803c321 elementor-widget elementor-widget-image\" data-id=\"803c321\" data-element_type=\"widget\" data-e-type=\"widget\" data-widget_type=\"image.default\">\n\t\t\t\t<div class=\"elementor-widget-container\">\n\t\t\t\t\t\t\t\t\t\t\t\t\t\t\t<img loading=\"lazy\" decoding=\"async\" width=\"1000\" height=\"702\" src=\"https:\/\/mandoline2023.de\/wp-content\/uploads\/2022\/12\/IMG_0055-guriema.jpg\" class=\"attachment-large size-large wp-image-1333\" alt=\"mandoline instrument des jahres 2023 Guriema Katalog\" srcset=\"https:\/\/mandoline2023.de\/wp-content\/uploads\/2022\/12\/IMG_0055-guriema.jpg 1000w, https:\/\/mandoline2023.de\/wp-content\/uploads\/2022\/12\/IMG_0055-guriema-300x211.jpg 300w, https:\/\/mandoline2023.de\/wp-content\/uploads\/2022\/12\/IMG_0055-guriema-768x539.jpg 768w\" sizes=\"(max-width: 1000px) 100vw, 1000px\" \/>\t\t\t\t\t\t\t\t\t\t\t\t\t\t\t<\/div>\n\t\t\t\t<\/div>\n\t\t\t\t\t<\/div>\n\t\t\t\t<\/div>\n\t\t\t\t<\/div>\n\t\t","protected":false},"excerpt":{"rendered":"<p>Im Bereich &#8222;Magazin&#8220; gibt es verschiedene Beitr\u00e4ge zum Thema &#8222;Mandoline&#8220;. Hier gibt es Reportagen und Interviews von Thilo Fitzner, Beitr\u00e4ge zur &#8222;Geschichte der Mandoline&#8220;, es werden alte Postkarten oder alte Kataloge gezeigt. Sp\u00e4ter werden vielleicht noch andere Themenkreise dazukommen. Magazin-Beitr\u00e4ge Beitr\u00e4ge zur Geschichte der Mandoline Alte Postkarten Weitere Beitr\u00e4ge mit Alten Postkarten Aus alten Prospekten [&hellip;]<\/p>\n","protected":false},"author":2,"featured_media":0,"parent":0,"menu_order":0,"comment_status":"closed","ping_status":"closed","template":"","meta":{"ocean_post_layout":"","ocean_both_sidebars_style":"","ocean_both_sidebars_content_width":0,"ocean_both_sidebars_sidebars_width":0,"ocean_sidebar":"","ocean_second_sidebar":"","ocean_disable_margins":"enable","ocean_add_body_class":"","ocean_shortcode_before_top_bar":"","ocean_shortcode_after_top_bar":"","ocean_shortcode_before_header":"","ocean_shortcode_after_header":"","ocean_has_shortcode":"","ocean_shortcode_after_title":"","ocean_shortcode_before_footer_widgets":"","ocean_shortcode_after_footer_widgets":"","ocean_shortcode_before_footer_bottom":"","ocean_shortcode_after_footer_bottom":"","ocean_display_top_bar":"default","ocean_display_header":"default","ocean_header_style":"","ocean_center_header_left_menu":"","ocean_custom_header_template":"","ocean_custom_logo":0,"ocean_custom_retina_logo":0,"ocean_custom_logo_max_width":0,"ocean_custom_logo_tablet_max_width":0,"ocean_custom_logo_mobile_max_width":0,"ocean_custom_logo_max_height":0,"ocean_custom_logo_tablet_max_height":0,"ocean_custom_logo_mobile_max_height":0,"ocean_header_custom_menu":"","ocean_menu_typo_font_family":"","ocean_menu_typo_font_subset":"","ocean_menu_typo_font_size":0,"ocean_menu_typo_font_size_tablet":0,"ocean_menu_typo_font_size_mobile":0,"ocean_menu_typo_font_size_unit":"px","ocean_menu_typo_font_weight":"","ocean_menu_typo_font_weight_tablet":"","ocean_menu_typo_font_weight_mobile":"","ocean_menu_typo_transform":"","ocean_menu_typo_transform_tablet":"","ocean_menu_typo_transform_mobile":"","ocean_menu_typo_line_height":0,"ocean_menu_typo_line_height_tablet":0,"ocean_menu_typo_line_height_mobile":0,"ocean_menu_typo_line_height_unit":"","ocean_menu_typo_spacing":0,"ocean_menu_typo_spacing_tablet":0,"ocean_menu_typo_spacing_mobile":0,"ocean_menu_typo_spacing_unit":"","ocean_menu_link_color":"","ocean_menu_link_color_hover":"","ocean_menu_link_color_active":"","ocean_menu_link_background":"","ocean_menu_link_hover_background":"","ocean_menu_link_active_background":"","ocean_menu_social_links_bg":"","ocean_menu_social_hover_links_bg":"","ocean_menu_social_links_color":"","ocean_menu_social_hover_links_color":"","ocean_disable_title":"default","ocean_disable_heading":"default","ocean_post_title":"","ocean_post_subheading":"","ocean_post_title_style":"","ocean_post_title_background_color":"","ocean_post_title_background":0,"ocean_post_title_bg_image_position":"","ocean_post_title_bg_image_attachment":"","ocean_post_title_bg_image_repeat":"","ocean_post_title_bg_image_size":"","ocean_post_title_height":0,"ocean_post_title_bg_overlay":0.5,"ocean_post_title_bg_overlay_color":"","ocean_disable_breadcrumbs":"default","ocean_breadcrumbs_color":"","ocean_breadcrumbs_separator_color":"","ocean_breadcrumbs_links_color":"","ocean_breadcrumbs_links_hover_color":"","ocean_display_footer_widgets":"default","ocean_display_footer_bottom":"default","ocean_custom_footer_template":"","footnotes":""},"class_list":["post-1299","page","type-page","status-publish","hentry","entry"],"_links":{"self":[{"href":"https:\/\/mandoline2023.de\/index.php?rest_route=\/wp\/v2\/pages\/1299","targetHints":{"allow":["GET"]}}],"collection":[{"href":"https:\/\/mandoline2023.de\/index.php?rest_route=\/wp\/v2\/pages"}],"about":[{"href":"https:\/\/mandoline2023.de\/index.php?rest_route=\/wp\/v2\/types\/page"}],"author":[{"embeddable":true,"href":"https:\/\/mandoline2023.de\/index.php?rest_route=\/wp\/v2\/users\/2"}],"replies":[{"embeddable":true,"href":"https:\/\/mandoline2023.de\/index.php?rest_route=%2Fwp%2Fv2%2Fcomments&post=1299"}],"version-history":[{"count":19,"href":"https:\/\/mandoline2023.de\/index.php?rest_route=\/wp\/v2\/pages\/1299\/revisions"}],"predecessor-version":[{"id":7358,"href":"https:\/\/mandoline2023.de\/index.php?rest_route=\/wp\/v2\/pages\/1299\/revisions\/7358"}],"wp:attachment":[{"href":"https:\/\/mandoline2023.de\/index.php?rest_route=%2Fwp%2Fv2%2Fmedia&parent=1299"}],"curies":[{"name":"wp","href":"https:\/\/api.w.org\/{rel}","templated":true}]}}